{"id":65,"date":"2021-06-02T15:53:37","date_gmt":"2021-06-02T15:53:37","guid":{"rendered":"https:\/\/sabotiga.granjaconsell.com\/?page_id=65"},"modified":"2025-04-11T11:25:47","modified_gmt":"2025-04-11T09:25:47","slug":"contacto","status":"publish","type":"page","link":"https:\/\/sabotiga.granjaconsell.com\/index.php\/contacto\/","title":{"rendered":"Contacto"},"content":{"rendered":"<p>[et_pb_section fb_built=\u00bb1&#8243; custom_padding_last_edited=\u00bbon|phone\u00bb admin_label=\u00bbHeader\u00bb _builder_version=\u00bb4.9.4&#8243; background_color=\u00bb#ffde7f\u00bb background_image=\u00bbhttps:\/\/sabotiga.granjaconsell.com\/wp-content\/uploads\/2021\/06\/IMG_7077.png\u00bb custom_padding=\u00bb100px||0vw|||\u00bb custom_padding_tablet=\u00bb40px|||\u00bb custom_padding_phone=\u00bb0px||0px|||\u00bb locked=\u00bboff\u00bb global_colors_info=\u00bb{}\u00bb][et_pb_row column_structure=\u00bb2_5,3_5&#8243; custom_padding_last_edited=\u00bbon|desktop\u00bb _builder_version=\u00bb4.9.4&#8243; custom_margin=\u00bb|||\u00bb custom_padding=\u00bb|30px||30px||true\u00bb custom_padding_tablet=\u00bb40px||\u00bb custom_padding_phone=\u00bb\u00bb border_color_all=\u00bbRGBA(0,0,0,0)\u00bb box_shadow_style=\u00bbpreset7&#8243; box_shadow_horizontal=\u00bb0px\u00bb box_shadow_vertical=\u00bb154px\u00bb box_shadow_color=\u00bbRGBA(0,0,0,0)\u00bb global_colors_info=\u00bb{}\u00bb][et_pb_column type=\u00bb2_5&#8243; _builder_version=\u00bb3.25&#8243; custom_padding=\u00bb|||\u00bb custom_padding_last_edited=\u00bboff|desktop\u00bb global_colors_info=\u00bb{}\u00bb custom_padding__hover=\u00bb|||\u00bb][et_pb_text _builder_version=\u00bb4.9.4&#8243; text_font=\u00bbRoboto|700|||||||\u00bb text_font_size=\u00bb18px\u00bb text_line_height=\u00bb1.8em\u00bb locked=\u00bboff\u00bb global_colors_info=\u00bb{}\u00bb][\/et_pb_text][\/et_pb_column][et_pb_column type=\u00bb3_5&#8243; _builder_version=\u00bb3.25&#8243; custom_padding=\u00bb|||\u00bb custom_padding_tablet=\u00bb16px||\u00bb custom_padding_phone=\u00bb\u00bb custom_padding_last_edited=\u00bbon|desktop\u00bb global_colors_info=\u00bb{}\u00bb custom_padding__hover=\u00bb|||\u00bb][et_pb_text _builder_version=\u00bb3.27.4&#8243; header_font=\u00bbLora||||||||\u00bb header_text_color=\u00bb#000000&#8243; header_font_size=\u00bb78px\u00bb header_letter_spacing=\u00bb-1px\u00bb header_line_height=\u00bb1.1em\u00bb header_font_size_tablet=\u00bb56px\u00bb header_font_size_phone=\u00bb40px\u00bb header_font_size_last_edited=\u00bbon|phone\u00bb locked=\u00bboff\u00bb global_colors_info=\u00bb{}\u00bb]<\/p>\n<h1><span style=\"color: #ffffff;\">Contacto<\/span><\/h1>\n<p>[\/et_pb_text][\/et_pb_column][\/et_pb_row][et_pb_row _builder_version=\u00bb3.25&#8243; width=\u00bb100%\u00bb max_width=\u00bb100%\u00bb custom_padding=\u00bb0px||0px|||\u00bb global_colors_info=\u00bb{}\u00bb][et_pb_column type=\u00bb4_4&#8243; _builder_version=\u00bb3.25&#8243; custom_padding=\u00bb|||\u00bb global_colors_info=\u00bb{}\u00bb custom_padding__hover=\u00bb|||\u00bb][et_pb_image src=\u00bbhttps:\/\/sabotiga.granjaconsell.com\/wp-content\/uploads\/2021\/06\/food-bank_57.png\u00bb align=\u00bbright\u00bb align_tablet=\u00bbcenter\u00bb align_phone=\u00bb\u00bb align_last_edited=\u00bbon|desktop\u00bb _builder_version=\u00bb3.23&#8243; global_colors_info=\u00bb{}\u00bb][\/et_pb_image][\/et_pb_column][\/et_pb_row][\/et_pb_section][et_pb_section fb_built=\u00bb1&#8243; admin_label=\u00bbContact Info\u00bb _builder_version=\u00bb3.22.5&#8243; global_colors_info=\u00bb{}\u00bb][et_pb_row use_custom_gutter=\u00bbon\u00bb make_equal=\u00bbon\u00bb _builder_version=\u00bb3.25&#8243; locked=\u00bboff\u00bb global_colors_info=\u00bb{}\u00bb][et_pb_column type=\u00bb4_4&#8243; _builder_version=\u00bb3.25&#8243; custom_padding=\u00bb|||\u00bb global_colors_info=\u00bb{}\u00bb custom_padding__hover=\u00bb|||\u00bb][et_pb_divider color=\u00bb#c6e28b\u00bb divider_weight=\u00bb40px\u00bb _builder_version=\u00bb3.22.5&#8243; z_index=\u00bb-10&#8243; max_width=\u00bb360px\u00bb height=\u00bb40px\u00bb custom_margin=\u00bb||-34px|-40px\u00bb global_colors_info=\u00bb{}\u00bb][\/et_pb_divider][et_pb_text _builder_version=\u00bb3.27.4&#8243; text_font=\u00bb||||||||\u00bb text_font_size=\u00bb20px\u00bb text_line_height=\u00bb2em\u00bb header_font=\u00bb||||||||\u00bb header_2_font=\u00bbLora|700|||||||\u00bb header_2_font_size=\u00bb60px\u00bb header_2_line_height=\u00bb1.2em\u00bb max_width=\u00bb600px\u00bb module_alignment=\u00bbleft\u00bb text_font_size_tablet=\u00bb\u00bb text_font_size_phone=\u00bb16px\u00bb text_font_size_last_edited=\u00bbon|desktop\u00bb header_2_font_size_tablet=\u00bb48px\u00bb header_2_font_size_phone=\u00bb32px\u00bb header_2_font_size_last_edited=\u00bbon|tablet\u00bb global_colors_info=\u00bb{}\u00bb]<\/p>\n<h2>Granja Consell<\/h2>\n<p>Nuestro equipo estar\u00e1 encantado de resolver todas tus dudas<\/p>\n<p>[\/et_pb_text][\/et_pb_column][\/et_pb_row][et_pb_row column_structure=\u00bb1_3,1_3,1_3&#8243; _builder_version=\u00bb3.25&#8243; locked=\u00bboff\u00bb global_colors_info=\u00bb{}\u00bb][et_pb_column type=\u00bb1_3&#8243; _builder_version=\u00bb3.25&#8243; custom_padding=\u00bb|||\u00bb global_colors_info=\u00bb{}\u00bb custom_padding__hover=\u00bb|||\u00bb][et_pb_text _builder_version=\u00bb4.14.5&#8243; text_font_size=\u00bb16px\u00bb text_line_height=\u00bb2em\u00bb header_font=\u00bb||||||||\u00bb header_3_font=\u00bbLora|700|||||||\u00bb header_3_text_color=\u00bb#74ba57&#8243; header_3_font_size=\u00bb20px\u00bb header_3_line_height=\u00bb1.2em\u00bb header_4_font=\u00bbLora|700|||||||\u00bb header_4_font_size=\u00bb16px\u00bb header_4_line_height=\u00bb1.4em\u00bb width_tablet=\u00bbauto\u00bb width_phone=\u00bbauto\u00bb width_last_edited=\u00bbon|desktop\u00bb hover_enabled=\u00bb0&#8243; global_colors_info=\u00bb{}\u00bb sticky_enabled=\u00bb0&#8243;]<\/p>\n<h3>Nuestra tienda<\/h3>\n<p>Av. Circumval\u00b7laci\u00f3 15,<br \/>Pol. Industrial de Sant Llu\u00eds<\/p>\n<h4>Horario<\/h4>\n<p>Lunes a s\u00e1bado<\/p>\n<p>9:00 &#8211; 13:30 h.<\/p>\n<p>Viernes<\/p>\n<p>16:00 &#8211; 18:30 h<\/p>\n<h4>Tel\u00e9fono:<\/h4>\n<p>(+34) 971 151 151<\/p>\n<h4>Email:<\/h4>\n<p>tenda@granjaconsell.com<\/p>\n<p>[\/et_pb_text][\/et_pb_column][et_pb_column type=\u00bb1_3&#8243; _builder_version=\u00bb3.25&#8243; custom_padding=\u00bb|||\u00bb global_colors_info=\u00bb{}\u00bb custom_padding__hover=\u00bb|||\u00bb][et_pb_text _builder_version=\u00bb4.9.4&#8243; text_font=\u00bb||||||||\u00bb text_font_size=\u00bb16px\u00bb text_line_height=\u00bb2em\u00bb header_font=\u00bb||||||||\u00bb header_3_font=\u00bbLora|700|||||||\u00bb header_3_text_color=\u00bb#74ba57&#8243; header_3_font_size=\u00bb20px\u00bb header_3_line_height=\u00bb1.2em\u00bb header_4_font=\u00bbLora|700|||||||\u00bb header_4_font_size=\u00bb16px\u00bb header_4_line_height=\u00bb1.4em\u00bb width_tablet=\u00bbauto\u00bb width_phone=\u00bbauto\u00bb width_last_edited=\u00bbon|desktop\u00bb locked=\u00bboff\u00bb global_colors_info=\u00bb{}\u00bb]<\/p>\n<h3>Tienda online<\/h3>\n<p><strong>tienda.granjaconsell.com<\/strong><\/p>\n<h4>Servicio a domicilio:<\/h4>\n<p>Entregas: Lunes a viernes<br \/>Plazo de entrega: 24 \/ 48 horas<br \/>Pedido m\u00ednimo: 40\u20ac<\/p>\n<h4>Whatsapp:<\/h4>\n<p>619 187 784<\/p>\n<p>[\/et_pb_text][\/et_pb_column][et_pb_column type=\u00bb1_3&#8243; _builder_version=\u00bb3.25&#8243; custom_padding=\u00bb|||\u00bb global_colors_info=\u00bb{}\u00bb custom_padding__hover=\u00bb|||\u00bb][et_pb_text _builder_version=\u00bb3.27.4&#8243; text_font_size=\u00bb16px\u00bb text_line_height=\u00bb2em\u00bb header_font=\u00bb||||||||\u00bb header_3_font=\u00bbLora|700|||||||\u00bb header_3_text_color=\u00bb#74ba57&#8243; header_3_font_size=\u00bb20px\u00bb header_3_line_height=\u00bb1.2em\u00bb header_4_font=\u00bbLora|700|||||||\u00bb header_4_font_size=\u00bb16px\u00bb header_4_line_height=\u00bb1.2em\u00bb width_tablet=\u00bbauto\u00bb width_phone=\u00bbauto\u00bb width_last_edited=\u00bbon|desktop\u00bb custom_margin=\u00bb||0px\u00bb locked=\u00bboff\u00bb global_colors_info=\u00bb{}\u00bb]<\/p>\n<h3>FAQ<\/h3>\n<p>[\/et_pb_text][et_pb_toggle title=\u00bbPescado y marisco fresco y congelado\u00bb open_toggle_background_color=\u00bbrgba(0,0,0,0)\u00bb closed_toggle_text_color=\u00bb#333&#8243; closed_toggle_background_color=\u00bbrgba(0,0,0,0)\u00bb icon_color=\u00bb#c6e28b\u00bb open_icon_color=\u00bb#c6e28b\u00bb _builder_version=\u00bb4.13.0&#8243; title_font=\u00bbLora|700|||||||\u00bb title_font_size=\u00bb16px\u00bb title_line_height=\u00bb1.4em\u00bb body_font=\u00bb||||||||\u00bb body_font_size=\u00bb16px\u00bb body_line_height=\u00bb2em\u00bb custom_margin=\u00bb||0px\u00bb custom_padding=\u00bb16px|0px|16px|0px|true|true\u00bb border_width_all=\u00bb0px\u00bb border_width_bottom=\u00bb1px\u00bb global_colors_info=\u00bb{}\u00bb]<\/p>\n<p><span>Apostamos por la calidad y frescura del pescado y marisco, as\u00ed como de los mejores productos congelados, a un precio muy competitivo.<\/span><\/p>\n<p>[\/et_pb_toggle][et_pb_toggle title=\u00bb\u00bfC\u00f3mo puedo comprar pescado y marisco fresco?\u00bb open_toggle_background_color=\u00bbrgba(0,0,0,0)\u00bb closed_toggle_text_color=\u00bb#333&#8243; closed_toggle_background_color=\u00bbrgba(0,0,0,0)\u00bb icon_color=\u00bb#c6e28b\u00bb open_icon_color=\u00bb#c6e28b\u00bb _builder_version=\u00bb4.13.0&#8243; title_font=\u00bbLora|700|||||||\u00bb title_font_size=\u00bb16px\u00bb title_line_height=\u00bb1.4em\u00bb body_font=\u00bb||||||||\u00bb body_font_size=\u00bb16px\u00bb body_line_height=\u00bb2em\u00bb custom_margin=\u00bb||0px\u00bb custom_padding=\u00bb16px|0px|16px|0px|true|true\u00bb border_width_all=\u00bb0px\u00bb border_width_bottom=\u00bb1px\u00bb global_colors_info=\u00bb{}\u00bb]<\/p>\n<p><span>El pescado y marisco fresco se compra con reserva previa. Puedes llamar al 971 151 151 y hacer tu pedido con antelaci\u00f3n. De esta forma garantizamos la frescura de nuestros productos.<\/span><\/p>\n<p>[\/et_pb_toggle][et_pb_toggle title=\u00bbPescado y marisco congelado\u00bb open_toggle_background_color=\u00bbrgba(0,0,0,0)\u00bb closed_toggle_text_color=\u00bb#333&#8243; closed_toggle_background_color=\u00bbrgba(0,0,0,0)\u00bb icon_color=\u00bb#c6e28b\u00bb open_icon_color=\u00bb#c6e28b\u00bb _builder_version=\u00bb4.13.0&#8243; title_font=\u00bbLora|700|||||||\u00bb title_font_size=\u00bb16px\u00bb title_line_height=\u00bb1.4em\u00bb body_font=\u00bb||||||||\u00bb body_font_size=\u00bb16px\u00bb body_line_height=\u00bb2em\u00bb custom_margin=\u00bb||0px\u00bb custom_padding=\u00bb16px|0px|16px|0px|true|true\u00bb border_width_all=\u00bb0px\u00bb border_width_bottom=\u00bb1px\u00bb global_colors_info=\u00bb{}\u00bb]<\/p>\n<p class=\"has-text-color\">Puedes ver nuestra oferta de pescado y marisco congelado en nuestra web tienda.granjaconsell.com<\/p>\n<p class=\"has-text-color\">Para realizar tus pedidos tienes 3 opciones: nuestra tienda del pol\u00edgono de Sant Llu\u00eds, por tel\u00e9fono llamando al 971 151 151 o en nuestra tienda online<span>\u00a0<\/span><a href=\"https:\/\/tienda.granjaconsell.com\/tienda\/congelados_10\/pescado-y-marisco-congelado_117\/\">tienda.granjaconsell.com<\/a><\/p>\n<p>[\/et_pb_toggle][et_pb_toggle title=\u00bbCarne de Menorca\u00bb open_toggle_background_color=\u00bbrgba(0,0,0,0)\u00bb closed_toggle_text_color=\u00bb#333&#8243; closed_toggle_background_color=\u00bbrgba(0,0,0,0)\u00bb icon_color=\u00bb#c6e28b\u00bb open_icon_color=\u00bb#c6e28b\u00bb _builder_version=\u00bb4.13.0&#8243; title_font=\u00bbLora|700|||||||\u00bb title_font_size=\u00bb16px\u00bb title_line_height=\u00bb1.4em\u00bb body_font=\u00bb||||||||\u00bb body_font_size=\u00bb16px\u00bb body_line_height=\u00bb2em\u00bb custom_margin=\u00bb||0px\u00bb custom_padding=\u00bb16px|0px|16px|0px|true|true\u00bb border_width_all=\u00bb0px\u00bb border_width_bottom=\u00bb1px\u00bb global_colors_info=\u00bb{}\u00bb]<\/p>\n<p>Disponemos de una amplia oferta de carne de Menorca. Una carne tierna, sabrosa, cuidada hasta el m\u00e1s m\u00ednimo detalle. Para realizar un pedido debes hacer tu reserva llamando al 971 151 151, enviando whatsapp al 619 187 784 o visitando nuestra tienda f\u00edsica. Tambi\u00e9n puedes consultar nuestra oferta en tienda.granjaconsell.com<\/p>\n<p>[\/et_pb_toggle][\/et_pb_column][\/et_pb_row][\/et_pb_section][et_pb_section fb_built=\u00bb1&#8243; fullwidth=\u00bbon\u00bb _builder_version=\u00bb3.22.5&#8243; locked=\u00bboff\u00bb global_colors_info=\u00bb{}\u00bb][et_pb_fullwidth_image src=\u00bbhttps:\/\/sabotiga.granjaconsell.com\/wp-content\/uploads\/2021\/06\/food-bank_56.png\u00bb _builder_version=\u00bb3.22.5&#8243; global_colors_info=\u00bb{}\u00bb][\/et_pb_fullwidth_image][\/et_pb_section][et_pb_section fb_built=\u00bb1&#8243; admin_label=\u00bbFooter\u00bb _builder_version=\u00bb3.22.5&#8243; background_color=\u00bb#121214&#8243; background_image=\u00bbhttps:\/\/sabotiga.granjaconsell.com\/wp-content\/uploads\/2021\/06\/food-bank_57.png\u00bb background_size=\u00bbinitial\u00bb background_position=\u00bbbottom_right\u00bb custom_padding=\u00bb4vw||5vw||false|\u00bb locked=\u00bboff\u00bb global_colors_info=\u00bb{}\u00bb][et_pb_row column_structure=\u00bb1_3,1_3,1_3&#8243; _builder_version=\u00bb4.9.4&#8243; _module_preset=\u00bbdefault\u00bb global_colors_info=\u00bb{}\u00bb][et_pb_column type=\u00bb1_3&#8243; _builder_version=\u00bb4.9.4&#8243; _module_preset=\u00bbdefault\u00bb global_colors_info=\u00bb{}\u00bb][et_pb_text _builder_version=\u00bb4.9.4&#8243; _module_preset=\u00bbdefault\u00bb global_colors_info=\u00bb{}\u00bb]<\/p>\n<p><span style=\"color: #ffffff;\"><strong>GRANJA CONSELL<\/strong><\/span><\/p>\n<p><span style=\"color: #ffffff;\">Tradici\u00f3n e innovaci\u00f3n se unen de la mano en Granja Consell. Empresa del sector de distribuci\u00f3n alimentaria y, a la vez, una empresa que apuesta por el campo de Menorca, por sus productos y por su gente.<\/span><\/p>\n<p>[\/et_pb_text][\/et_pb_column][et_pb_column type=\u00bb1_3&#8243; _builder_version=\u00bb4.9.4&#8243; _module_preset=\u00bbdefault\u00bb global_colors_info=\u00bb{}\u00bb][et_pb_text _builder_version=\u00bb4.9.4&#8243; _module_preset=\u00bbdefault\u00bb global_colors_info=\u00bb{}\u00bb]<\/p>\n<p><span style=\"color: #ffffff;\"><strong>CONTACTO<\/strong><\/span><\/p>\n<p><span style=\"color: #ffffff;\">Av. Circumval\u00b7laci\u00f3 15, Pol. Ind. Sant Llu\u00eds<\/span><br \/><span style=\"color: #ffffff;\">07714 Sant Llu\u00eds Menorca<\/span><\/p>\n<p><span style=\"color: #ffffff;\">tenda@granjaconsell.com<\/span><br \/><span style=\"color: #ffffff;\">971 151 151 \/ 619 187 784<\/span><\/p>\n<p>[\/et_pb_text][\/et_pb_column][et_pb_column type=\u00bb1_3&#8243; _builder_version=\u00bb4.9.4&#8243; _module_preset=\u00bbdefault\u00bb global_colors_info=\u00bb{}\u00bb][et_pb_text _builder_version=\u00bb4.9.4&#8243; _module_preset=\u00bbdefault\u00bb global_colors_info=\u00bb{}\u00bb]<\/p>\n<p><span style=\"color: #ffffff;\"><strong>LEGAL<\/strong><\/span><\/p>\n<p><a href=\"https:\/\/sabotiga.granjaconsell.com\/index.php\/aviso-legal\/\"><span style=\"color: #ffffff;\">Aviso Legal<\/span><\/a><\/p>\n<p><a href=\"https:\/\/sabotiga.granjaconsell.com\/index.php\/politica-de-privacidad\/\"><span style=\"color: #ffffff;\">Pol\u00edtica de Privacidad<\/span><\/a><\/p>\n<p><a href=\"https:\/\/sabotiga.granjaconsell.com\/index.php\/politica-de-cookies\/\"><span style=\"color: #ffffff;\">Pol\u00edtica de cookies<\/span><\/a><\/p>\n<p>[\/et_pb_text][\/et_pb_column][\/et_pb_row][\/et_pb_section]<\/p>\n","protected":false},"excerpt":{"rendered":"<p>ContactoGranja Consell Nuestro equipo estar\u00e1 encantado de resolver todas tus dudasNuestra tienda Av. Circumval\u00b7laci\u00f3 15,Pol. Industrial de Sant Llu\u00eds Horario Lunes a s\u00e1bado 9:00 &#8211; 13:30 h. Viernes 16:00 &#8211; 18:30 h Tel\u00e9fono: (+34) 971 151 151 Email: tenda@granjaconsell.comTienda online tienda.granjaconsell.com Servicio a domicilio: Entregas: Lunes a viernesPlazo de entrega: 24 \/ 48 horasPedido m\u00ednimo: [&hellip;]<\/p>\n","protected":false},"author":2,"featured_media":0,"parent":0,"menu_order":0,"comment_status":"closed","ping_status":"closed","template":"","meta":{"_et_pb_use_builder":"on","_et_pb_old_content":"","_et_gb_content_width":"","_monsterinsights_skip_tracking":false,"_monsterinsights_sitenote_active":false,"_monsterinsights_sitenote_note":"","_monsterinsights_sitenote_category":0},"aioseo_notices":[],"_links":{"self":[{"href":"https:\/\/sabotiga.granjaconsell.com\/index.php\/wp-json\/wp\/v2\/pages\/65"}],"collection":[{"href":"https:\/\/sabotiga.granjaconsell.com\/index.php\/wp-json\/wp\/v2\/pages"}],"about":[{"href":"https:\/\/sabotiga.granjaconsell.com\/index.php\/wp-json\/wp\/v2\/types\/page"}],"author":[{"embeddable":true,"href":"https:\/\/sabotiga.granjaconsell.com\/index.php\/wp-json\/wp\/v2\/users\/2"}],"replies":[{"embeddable":true,"href":"https:\/\/sabotiga.granjaconsell.com\/index.php\/wp-json\/wp\/v2\/comments?post=65"}],"version-history":[{"count":19,"href":"https:\/\/sabotiga.granjaconsell.com\/index.php\/wp-json\/wp\/v2\/pages\/65\/revisions"}],"predecessor-version":[{"id":374,"href":"https:\/\/sabotiga.granjaconsell.com\/index.php\/wp-json\/wp\/v2\/pages\/65\/revisions\/374"}],"wp:attachment":[{"href":"https:\/\/sabotiga.granjaconsell.com\/index.php\/wp-json\/wp\/v2\/media?parent=65"}],"curies":[{"name":"wp","href":"https:\/\/api.w.org\/{rel}","templated":true}]}}